{"id":21,"date":"2023-03-22T11:19:49","date_gmt":"2023-03-22T10:19:49","guid":{"rendered":"https:\/\/crz.mesdb15.com\/?page_id=21"},"modified":"2025-05-06T17:22:28","modified_gmt":"2025-05-06T15:22:28","slug":"3-terms-and-conditions-of-use","status":"publish","type":"page","link":"https:\/\/crazymoda.com\/it\/content\/3-terms-and-conditions-of-use\/","title":{"rendered":"Condizioni generali"},"content":{"rendered":"\t\t<div data-elementor-type=\"wp-page\" data-elementor-id=\"21\" class=\"elementor elementor-21\">\n\t\t\t\t\t\t\t\t\t<section class=\"elementor-section elementor-top-section elementor-element elementor-element-ee98481 elementor-section-full_width elementor-section-height-default elementor-section-height-default\" data-id=\"ee98481\" data-element_type=\"section\" data-settings=\"{&quot;background_background&quot;:&quot;classic&quot;}\">\n\t\t\t\t\t\t<div class=\"elementor-container elementor-column-gap-default\">\n\t\t\t\t\t<div class=\"elementor-column elementor-col-100 elementor-top-column elementor-element elementor-element-5ef20cf\" data-id=\"5ef20cf\" data-element_type=\"column\" data-settings=\"{&quot;background_background&quot;:&quot;classic&quot;}\">\n\t\t\t<div class=\"elementor-widget-wrap elementor-element-populated\">\n\t\t\t\t\t\t\t\t<section class=\"elementor-section elementor-inner-section elementor-element elementor-element-634c0f5 elementor-section-boxed elementor-section-height-default elementor-section-height-default\" data-id=\"634c0f5\" data-element_type=\"section\">\n\t\t\t\t\t\t<div class=\"elementor-container elementor-column-gap-default\">\n\t\t\t\t\t<div class=\"elementor-column elementor-col-100 elementor-inner-column elementor-element elementor-element-4ac2a88\" data-id=\"4ac2a88\" data-element_type=\"column\">\n\t\t\t<div class=\"elementor-widget-wrap elementor-element-populated\">\n\t\t\t\t\t\t\t\t<div class=\"elementor-element elementor-element-65d5242 elementor-widget elementor-widget-text-editor\" data-id=\"65d5242\" data-element_type=\"widget\" data-widget_type=\"text-editor.default\">\n\t\t\t\t<div class=\"elementor-widget-container\">\n\t\t\t<style>\/*! elementor - v3.13.3 - 28-05-2023 *\/\n.elementor-widget-text-editor.elementor-drop-cap-view-stacked .elementor-drop-cap{background-color:#69727d;color:#fff}.elementor-widget-text-editor.elementor-drop-cap-view-framed .elementor-drop-cap{color:#69727d;border:3px solid;background-color:transparent}.elementor-widget-text-editor:not(.elementor-drop-cap-view-default) .elementor-drop-cap{margin-top:8px}.elementor-widget-text-editor:not(.elementor-drop-cap-view-default) .elementor-drop-cap-letter{width:1em;height:1em}.elementor-widget-text-editor .elementor-drop-cap{float:left;text-align:center;line-height:1;font-size:50px}.elementor-widget-text-editor .elementor-drop-cap-letter{display:inline-block}<\/style>\t\t\t\t<h1 class=\"page-heading\">Condizioni generali<\/h1>\t\t\t\t\t\t<\/div>\n\t\t\t\t<\/div>\n\t\t\t\t<div class=\"elementor-element elementor-element-655432b elementor-widget elementor-widget-text-editor\" data-id=\"655432b\" data-element_type=\"widget\" data-widget_type=\"text-editor.default\">\n\t\t\t\t<div class=\"elementor-widget-container\">\n\t\t\t\t\t\t\t<div id=\"center_column\" class=\"center_column col-xs-12 col-sm-9\"><div class=\"rte\"><p>Le presenti condizioni generali di vendita (le &#8220;Condizioni Generali&#8221;) disciplinano le modalit\u00e0 e le condizioni di vendita dei prodotti commercializzati da CRAZY MODA(i &#8220;Prodotti&#8221;). Tutti i contratti per la vendita di Prodotti da parte di CRAZY MODA a terzi (i &#8220;Clienti&#8221;) sono regolati dalle presenti Condizioni Generali, le quali formano parte integrante e sostanziale di ogni proposta, ordine e conferma d&#8217;ordine di acquisto dei Prodotti stessi. Le condizioni di vendita applicabili al tuo ordine sono quelle in vigore alla data dell&#8217;ordine stesso.<\/p><p><strong>1.<\/strong>\u00a0Prodotti: prezzi e caratteristiche<br \/><br \/><strong>1.1<\/strong>\u00a0Gli articoli potranno subire lievi modifiche, dovute ai nostri fornitori, che\u00a0 non pregiudicheranno la sostanza dell&#8217;articolo stesso. Sebbene\u00a0CRAZY MODA\u00a0cerchi di mantenere il proprio assortimento il pi\u00f9 aggiornato possibile, la disponibilit\u00e0 dei prodotti non pu\u00f2 essere sempre garantita. Salvo ove diversamente indicato, i prezzi dei Prodotti pubblicati da\u00a0CRAZY MODA\u00a0devono intendersi comprensivi di IVA. I prezzi dei Prodotti di volta in volta pubblicati da CRAZY MODA annullano e sostituiscono i precedenti e sono subordinati alla effettiva disponibilit\u00e0 dei Prodotti.CRAZY MODA si riserva il diritto di confermare ovvero di modificare i prezzi dei Prodotti pubblicati nel proprio sito internet al momento della conferma dell&#8217;ordine del Cliente.<br \/><br \/><strong>2.<\/strong>\u00a0Ordini &#8211; fatturazione<br \/><br \/><strong>2.1\u00a0<\/strong>Tutti gli ordini di acquisto di Prodotti trasmessi a CRAZY MODA dovranno essere completi in ogni loro parte e dovranno contenere tutti gli elementi necessari per la corretta individuazione dei Prodotti ordinati. Ciascun ordine di Prodotti trasmesso a CRAZY MODA costituisce proposta contrattuale del Cliente e, pertanto, sar\u00e0 vincolante per CRAZY MODA solo se dalla stessa confermato per accettazione. L&#8217;evasione dell&#8217;ordine da parte di CRAZY MODA, equivale a conferma ed accettazione dello stesso.<br \/><br \/><strong>2.2\u00a0<\/strong>CRAZY MODA si riserva il diritto di non accettare ordini incompleti, non debitamente compilati. In caso di mancata esecuzione dell&#8217;ordine da parte di CRAZY MODA (qualora la stessa sia dovuta ad indisponibilit\u00e0 dei Prodotti ordinati dal Cliente CRAZY MODA provveder\u00e0 al pi\u00f9 presto ad informare il Cliente, rimborsando le somme da questi eventualmente gi\u00e0 versate a fronte della fornitura non eseguita. In tal caso il Cliente non avr\u00e0 diritto ad alcun rimborso n\u00e9 ad indennizzi o risarcimenti di sorta.<br \/><br \/><strong>2.3<\/strong>\u00a0Qualora il Cliente sia titolare di Partita IVA e desideri ricevere fattura a proprio nome, dovr\u00e0 indicare tale richiesta nell&#8217;ordine. In difetto, CRAZY MODA non emetter\u00e0 fattura fiscale.\u00a0<br \/>\u00a0\u00a0<br \/><strong>3.<\/strong>\u00a0Consegna dei Prodotti<br \/><br \/><strong>3.1\u00a0<\/strong>Tutte le spese di consegna dei Prodotti sono a Carico del Cliente. Le consegne vengono normalmente effettuate tramite corriere (POSTE iTALIANE).<br \/><br \/><strong>3.2\u00a0<\/strong>I termini di consegna indicati da CRAZY MODA si riferiscono ai Prodotti presenti presso i propri magazzini e pur essendo attentamente valutati, devono intendersi non vincolanti per CRAZY MODA, la quale pu\u00f2 successivamente confermarli o modificarli, a seconda delle proprie effettive esigenze. Eventuali ritardi nelle consegne inferiori a 30 (trenta) giorni non danno diritto al Cliente di rifiutare la consegna dei Prodotti, n\u00e8 di pretendere risarcimenti o indennizzi di sorta.<br \/><br \/><strong>3.3\u00a0<\/strong>Condizioni e termini di consegna particolari dovranno essere preventivamente concordate tra il Cliente e CRAZY MODA ed accettate per iscritto da CRAZY MODA.<br \/><br \/><strong>4.<\/strong>\u00a0Garanzie sui Prodotti &#8211; Assistenza tecnica<br \/><br \/><strong>4.1<\/strong>\u00a0CRAZY MODA garantisce la sola integrit\u00e0 materiale dei Prodotti al momento della consegna. Eventuali difetti dovranno essere denunciati dal Cliente, a pena di decadenza, entro e non oltre 10 (dieci) giorni dalla data di consegna. In caso di operativit\u00e0 della Garanzia, il Cliente avr\u00e0 diritto alla sola sostituzione dei Prodotti danneggiati dietro restituzione degli stessi, essendo escluso il diritto del Cliente al risarcimento di qualsivoglia danno, anche ulteriore. Le spese di spedizione necessarie per la sostituzione di Prodotti sono a carico di CRAZY MODA.<br \/><br \/><strong>4.2<\/strong>\u00a0Fermo restando quanto previsto al precedente articolo 5.1, CRAZY MODA non presta sui Prodotti alcuna garanzia ulteriore rispetto a quella prestata dai singoli Produttori. In particolare, CRAZY MODA non presta alcuna garanzia circa la compatibilit\u00e0 dei Prodotti con altri prodotti o apparecchiature utilizzate dal Cliente, n\u00e8 presta alcuna garanzia riguardo l&#8217;idoneit\u00e0 dei Prodotti per l&#8217;uso specifico pensato dal Cliente.<br \/><br \/><strong>5.<\/strong>\u00a0Diritto di recesso 5.1 Ai sensi dell&#8217;art. 5 del D. Lgs 22 maggio 1999 n. 185, il Cliente (qualora sia qualificabile come &#8220;consumatore&#8221; ai sensi dell&#8217;art.1 lett b) del D. Lgs 22 maggio 1999 n. 185) ha il diritto di recedere dal contratto e di restituire i Prodotti ordinati, entro il termine di 10 (dieci) giorni lavorativi dal ricevimento dei Prodotti stessi. Le spese di rientro sono a carico del cliente.\u00a0<\/p><p><br \/><strong>5.3<\/strong>\u00a0Tutti i resi (che dovranno essere perfettamente integri) dovranno essere autorizzati dal Servizio Clienti CRAZY MODA . il Cliente potr\u00e0 rispedire il Prodotto al seguente indirizzo: CRAZY MODA via\u00a0Pergola 4\u00a061122 Pesaro (PU). Non verranno accettati pacchi in contrassegno.<br \/><br \/>5.4 Una volta ricevuti i Prodotti (e verificata la loro integrit\u00e0) CRAZY MODA provveder\u00e0, nel pi\u00f9 breve tempo possibile, ad accreditare al Cliente il costo dei Prodotti restituiti (come indicato in fattura), trattenendo l&#8217;importo delle spese di spedizione che resteranno definitivamente a carico del Cliente.<br \/><br \/>Ferma restando l&#8217;eventuale applicabilit\u00e0 di disposizioni inderogabili di legge poste a tutela dei consumatori (come definiti ai sensi dell&#8217;art.1 lett b) del D.Lgs 22 maggio 1999 n. 185), qualsiasi controversia comunque connessa alle presenti Condizioni Generali, sar\u00e0 devoluta alla competenza esclusiva del Tribunale di Pesaro. Ai sensi e per gli effetti di cui agli articoli 1341 e 1342 del codice civile il Cliente dichiara di avere attentamente letto e compreso e di accettare specificamente le seguenti clausole delle Condizioni Generali di vendita Crazy Moda : 1.1, 2.1, 2.2,2.3, 3.1,3.2,3.3, 4.1, 4.2,, 5.1, 5.2, 5.3,5.4<\/p><\/div><\/div>\t\t\t\t\t\t<\/div>\n\t\t\t\t<\/div>\n\t\t\t\t<div class=\"elementor-element elementor-element-0779b89 elementor-widget elementor-widget-html\" data-id=\"0779b89\" data-element_type=\"widget\" data-widget_type=\"html.default\">\n\t\t\t\t<div class=\"elementor-widget-container\">\n\t\t\t[uc_embedding class=\"gdpr\" show-toggle=\"true\" type=\"all\"]\t\t<\/div>\n\t\t\t\t<\/div>\n\t\t\t\t\t<\/div>\n\t\t<\/div>\n\t\t\t\t\t\t\t<\/div>\n\t\t<\/section>\n\t\t\t\t\t<\/div>\n\t\t<\/div>\n\t\t\t\t\t\t\t<\/div>\n\t\t<\/section>\n\t\t\t\t\t\t\t<\/div>\n\t\t","protected":false},"excerpt":{"rendered":"<p>Condizioni generali Le presenti condizioni generali di vendita (le &#8220;Condizioni Generali&#8221;) disciplinano le modalit\u00e0 e le condizioni di vendita dei prodotti commercializzati da CRAZY MODA(i &#8220;Prodotti&#8221;). Tutti i contratti per la vendita di Prodotti da parte di CRAZY MODA a terzi (i &#8220;Clienti&#8221;) sono regolati dalle presenti Condizioni Generali, le quali formano parte integrante e &#8230; <a title=\"Condizioni generali\" class=\"read-more\" href=\"https:\/\/crazymoda.com\/it\/content\/3-terms-and-conditions-of-use\/\" aria-label=\"Leggi di pi\u00f9 su Condizioni generali\">Leggi tutto<\/a><\/p>\n","protected":false},"author":1,"featured_media":0,"parent":6020,"menu_order":13,"comment_status":"closed","ping_status":"closed","template":"elementor_header_footer","meta":{"_acf_changed":false,"_seopress_robots_primary_cat":"","_seopress_titles_title":"","_seopress_titles_desc":"","_seopress_robots_index":"","footnotes":""},"acf":[],"_links":{"self":[{"href":"https:\/\/crazymoda.com\/it\/wp-json\/wp\/v2\/pages\/21"}],"collection":[{"href":"https:\/\/crazymoda.com\/it\/wp-json\/wp\/v2\/pages"}],"about":[{"href":"https:\/\/crazymoda.com\/it\/wp-json\/wp\/v2\/types\/page"}],"author":[{"embeddable":true,"href":"https:\/\/crazymoda.com\/it\/wp-json\/wp\/v2\/users\/1"}],"replies":[{"embeddable":true,"href":"https:\/\/crazymoda.com\/it\/wp-json\/wp\/v2\/comments?post=21"}],"version-history":[{"count":81,"href":"https:\/\/crazymoda.com\/it\/wp-json\/wp\/v2\/pages\/21\/revisions"}],"predecessor-version":[{"id":81499,"href":"https:\/\/crazymoda.com\/it\/wp-json\/wp\/v2\/pages\/21\/revisions\/81499"}],"up":[{"embeddable":true,"href":"https:\/\/crazymoda.com\/it\/wp-json\/wp\/v2\/pages\/6020"}],"wp:attachment":[{"href":"https:\/\/crazymoda.com\/it\/wp-json\/wp\/v2\/media?parent=21"}],"curies":[{"name":"wp","href":"https:\/\/api.w.org\/{rel}","templated":true}]}}