{"id":36243,"date":"2022-07-20T11:32:54","date_gmt":"2022-07-20T09:32:54","guid":{"rendered":"https:\/\/tnt.mesdb15.com\/product\/supereroi\/"},"modified":"2025-07-29T09:08:55","modified_gmt":"2025-07-29T07:08:55","slug":"supereroi","status":"publish","type":"product","link":"https:\/\/crazymoda.com\/it\/prodotto\/supereroi\/","title":{"rendered":"Grembiule asilo mod.Supereroi"},"content":{"rendered":"<p><strong>Chiara Pilleri\u00a0\u00a0(Tuesday, 16 November 2010)<br \/>\n<\/strong> Bellissimo tessuto, ben rifinito, buona vestibilit\u00e0 e molto carino il nome ricamato. La consegna a domicilio \u00e8 stata rapida, sono molto soddisfatta e far\u00f2 sicuramente altri ordini.<\/p>\n<p><img loading=\"lazy\" decoding=\"async\" src=\"http:\/\/www.crazymoda.com\/img\/cms\/car%204M.JPG\" alt=\"\" width=\"227\" height=\"116\" \/>\u00a0\u00a0\u00a0\u00a0\u00a0 Carattere 4\/M<\/p>\n<p><img loading=\"lazy\" decoding=\"async\" src=\"http:\/\/www.crazymoda.com\/img\/cms\/car%20inglese.JPG\" alt=\"\" width=\"212\" height=\"128\" \/>\u00a0\u00a0\u00a0\u00a0\u00a0\u00a0 Carattere Inglese<\/p>\n<p>Scrivere nella casella di testo il nome da ricamare e il carattere scelto. Costo del ricamo \u20ac3.\u00a0 Non si accetta il reso per i capi personalizzati<\/p>\n<p><img loading=\"lazy\" decoding=\"async\" src=\"http:\/\/www.crazymoda.com\/img\/cms\/tabella%20misure.JPG\" alt=\"\" width=\"483\" height=\"486\" \/><\/p>\n","protected":false},"excerpt":{"rendered":"<p>caratteristiche: Collo e tasche a fantasia, piega dietro. Allacciatura bottoni. BAMBINI NELLA NORMA<\/p>\n<p><span style=\"color: #ffffff;background-color: #d0121a\"><strong>Non si accetta il reso per i capi personalizzati<\/strong><\/span><\/p>\n","protected":false},"featured_media":84825,"comment_status":"open","ping_status":"closed","template":"","meta":{"_acf_changed":false,"_seopress_robots_primary_cat":"none","_seopress_titles_title":"","_seopress_titles_desc":"","_seopress_robots_index":""},"product_cat":[185],"product_tag":[],"acf":[],"_links":{"self":[{"href":"https:\/\/crazymoda.com\/it\/wp-json\/wp\/v2\/product\/36243"}],"collection":[{"href":"https:\/\/crazymoda.com\/it\/wp-json\/wp\/v2\/product"}],"about":[{"href":"https:\/\/crazymoda.com\/it\/wp-json\/wp\/v2\/types\/product"}],"replies":[{"embeddable":true,"href":"https:\/\/crazymoda.com\/it\/wp-json\/wp\/v2\/comments?post=36243"}],"wp:featuredmedia":[{"embeddable":true,"href":"https:\/\/crazymoda.com\/it\/wp-json\/wp\/v2\/media\/84825"}],"wp:attachment":[{"href":"https:\/\/crazymoda.com\/it\/wp-json\/wp\/v2\/media?parent=36243"}],"wp:term":[{"taxonomy":"product_cat","embeddable":true,"href":"https:\/\/crazymoda.com\/it\/wp-json\/wp\/v2\/product_cat?post=36243"},{"taxonomy":"product_tag","embeddable":true,"href":"https:\/\/crazymoda.com\/it\/wp-json\/wp\/v2\/product_tag?post=36243"}],"curies":[{"name":"wp","href":"https:\/\/api.w.org\/{rel}","templated":true}]}}